{"id":48,"date":"2022-03-12T16:42:04","date_gmt":"2022-03-12T15:42:04","guid":{"rendered":"http:\/\/ogrqzmz.cluster031.hosting.ovh.net\/?page_id=48"},"modified":"2022-09-06T18:01:27","modified_gmt":"2022-09-06T16:01:27","slug":"accueil","status":"publish","type":"page","link":"https:\/\/www.brocangeek.fr\/","title":{"rendered":"Accueil"},"content":{"rendered":"\t\t<div data-elementor-type=\"wp-page\" data-elementor-id=\"48\" class=\"elementor elementor-48\">\n\t\t\t\t\t\t\t\t\t<section class=\"elementor-section elementor-top-section elementor-element elementor-element-2769bb77 elementor-section-boxed elementor-section-height-default elementor-section-height-default\" data-id=\"2769bb77\" data-element_type=\"section\">\n\t\t\t\t\t\t<div class=\"elementor-container elementor-column-gap-default\">\n\t\t\t\t\t<div class=\"elementor-column elementor-col-100 elementor-top-column elementor-element elementor-element-54dcc2fd\" data-id=\"54dcc2fd\" data-element_type=\"column\">\n\t\t\t<div class=\"elementor-widget-wrap elementor-element-populated\">\n\t\t\t\t\t\t\t\t<div class=\"elementor-element elementor-element-71057406 elementor-widget elementor-widget-text-editor\" data-id=\"71057406\" data-element_type=\"widget\" data-widget_type=\"text-editor.default\">\n\t\t\t\t<div class=\"elementor-widget-container\">\n\t\t\t<style>\/*! elementor - v3.11.5 - 14-03-2023 *\/\n.elementor-widget-text-editor.elementor-drop-cap-view-stacked .elementor-drop-cap{background-color:#818a91;color:#fff}.elementor-widget-text-editor.elementor-drop-cap-view-framed .elementor-drop-cap{color:#818a91;border:3px solid;background-color:transparent}.elementor-widget-text-editor:not(.elementor-drop-cap-view-default) .elementor-drop-cap{margin-top:8px}.elementor-widget-text-editor:not(.elementor-drop-cap-view-default) .elementor-drop-cap-letter{width:1em;height:1em}.elementor-widget-text-editor .elementor-drop-cap{float:left;text-align:center;line-height:1;font-size:50px}.elementor-widget-text-editor .elementor-drop-cap-letter{display:inline-block}<\/style>\t\t\t\t<p><!-- wp:paragraph --><\/p>\n<p>Votre brocan&rsquo;geek chine pour vous des objets singuliers&#8230; <\/p>\n<p><!-- \/wp:paragraph --><\/p>\n<p><!-- wp:paragraph --><\/p>\n<p>Je suis un ancien militaire qui a servi son pays au titre des Forces Sous marines, un ancien contr\u00f4leur qualit\u00e9 ayant travaill\u00e9 en Suisse et un passionn\u00e9 de jeux et jouets qui a grandi dans les ann\u00e9es 80 avant tout. Beaucoup d&rsquo;anciennet\u00e9 pour attaquer cette activit\u00e9 de brocanteur et annoncer la couleur:<br>Chez moi, vous trouverez de la broc, du jouet, des jeux, du r\u00e9trogaming, des articles militaires sur la 2nde Guerre mondiale, des souvenirs, des bibelots mais tr\u00e8s peu de mobilier par manque de place de stockage !<br>Je suis un passionn\u00e9, j&rsquo;aime fouiner, fureter et partager mes trouvailles chin\u00e9es ici et l\u00e0 au gr\u00e9 de mes rencontres, j&rsquo;ach\u00e8te et je vends au gr\u00e9 du vent !<\/p>\n<p><!-- \/wp:paragraph --><\/p>\n<p><!-- wp:paragraph --><\/p>\n<p>Un objet vous int\u00e9resse, vous souhaitez plus de photos? Contactez-moi via le formulaire, pas de r\u00e9servation possible. Vous achetez  ce que vous voyez, les prix s&rsquo;entendent hors frais de port. Le paiement se fera par virement, PayPal, CB ou esp\u00e8ce si remise en main propre.&nbsp;<\/p><p>Vous pouvez me retrouver dans les villes et villages du Doubs lors de mes participations aux diverses brocantes et vide-greniers, je n&rsquo;accepte en revanche que le paiement en esp\u00e8ces et le paiement par carte bancaire; eh oui, je me suis \u00e9quip\u00e9 du bo\u00eetier SUM UP.<\/p>\n<p><!-- \/wp:paragraph --><\/p>\t\t\t\t\t\t<\/div>\n\t\t\t\t<\/div>\n\t\t\t\t\t<\/div>\n\t\t<\/div>\n\t\t\t\t\t\t\t<\/div>\n\t\t<\/section>\n\t\t\t\t\t\t\t<\/div>\n\t\t","protected":false},"excerpt":{"rendered":"<p>Votre brocan&rsquo;geek chine pour vous des objets singuliers&#8230; Je suis un ancien militaire qui a servi son pays au titre des Forces Sous marines, un ancien contr\u00f4leur qualit\u00e9 ayant travaill\u00e9 en Suisse et un passionn\u00e9 de jeux et jouets qui a grandi dans les ann\u00e9es 80 avant tout. Beaucoup d&rsquo;anciennet\u00e9 pour attaquer cette activit\u00e9 de &hellip; <\/p>\n<p class=\"link-more\"><a href=\"https:\/\/www.brocangeek.fr\/\" class=\"more-link\">Continuer la lecture<span class=\"screen-reader-text\"> de &laquo;&nbsp;Accueil&nbsp;&raquo;<\/span><\/a><\/p>\n","protected":false},"author":1,"featured_media":0,"parent":0,"menu_order":0,"comment_status":"closed","ping_status":"closed","template":"","meta":{"footnotes":""},"folder":[],"class_list":["post-48","page","type-page","status-publish","hentry"],"_links":{"self":[{"href":"https:\/\/www.brocangeek.fr\/index.php\/wp-json\/wp\/v2\/pages\/48","targetHints":{"allow":["GET"]}}],"collection":[{"href":"https:\/\/www.brocangeek.fr\/index.php\/wp-json\/wp\/v2\/pages"}],"about":[{"href":"https:\/\/www.brocangeek.fr\/index.php\/wp-json\/wp\/v2\/types\/page"}],"author":[{"embeddable":true,"href":"https:\/\/www.brocangeek.fr\/index.php\/wp-json\/wp\/v2\/users\/1"}],"replies":[{"embeddable":true,"href":"https:\/\/www.brocangeek.fr\/index.php\/wp-json\/wp\/v2\/comments?post=48"}],"version-history":[{"count":9,"href":"https:\/\/www.brocangeek.fr\/index.php\/wp-json\/wp\/v2\/pages\/48\/revisions"}],"predecessor-version":[{"id":696,"href":"https:\/\/www.brocangeek.fr\/index.php\/wp-json\/wp\/v2\/pages\/48\/revisions\/696"}],"wp:attachment":[{"href":"https:\/\/www.brocangeek.fr\/index.php\/wp-json\/wp\/v2\/media?parent=48"}],"wp:term":[{"taxonomy":"folder","embeddable":true,"href":"https:\/\/www.brocangeek.fr\/index.php\/wp-json\/wp\/v2\/folder?post=48"}],"curies":[{"name":"wp","href":"https:\/\/api.w.org\/{rel}","templated":true}]}}